{"id":2,"date":"2023-09-01T08:53:59","date_gmt":"2023-09-01T08:53:59","guid":{"rendered":"https:\/\/www.psyk-basen.dk\/?page_id=2"},"modified":"2023-09-11T00:40:23","modified_gmt":"2023-09-11T00:40:23","slug":"sample-page","status":"publish","type":"page","link":"https:\/\/www.psyk-basen.dk\/?page_id=2","title":{"rendered":"Psyk-Basen g\u00f8r det nemt"},"content":{"rendered":"<div data-colibri-id=\"2-c1\" class=\"style-335 style-local-2-c1 position-relative\">\n  <!---->\n  <div data-colibri-component=\"section\" data-colibri-id=\"2-c2\" id=\"about-2\" class=\"h-section h-section-global-spacing d-flex align-items-lg-center align-items-md-center align-items-center style-350 style-local-2-c2 position-relative\">\n    <!---->\n    <!---->\n    <div class=\"h-section-grid-container h-section-boxed-container\">\n      <div data-colibri-id=\"2-c13\" class=\"h-row-container gutters-row-lg-2 gutters-row-md-2 gutters-row-0 gutters-row-v-lg-2 gutters-row-v-md-2 gutters-row-v-2 style-474 style-local-2-c13 position-relative\">\n        <!---->\n        <div class=\"h-row justify-content-lg-center justify-content-md-center justify-content-center align-items-lg-stretch align-items-md-stretch align-items-stretch gutters-col-lg-2 gutters-col-md-2 gutters-col-0 gutters-col-v-lg-2 gutters-col-v-md-2 gutters-col-v-2\">\n          <!---->\n          <div class=\"h-column h-column-container d-flex h-col-lg-auto h-col-md-auto h-col-auto style-475-outer style-local-2-c14-outer\">\n            <div data-colibri-id=\"2-c14\" class=\"d-flex h-flex-basis h-column__inner h-px-lg-2 h-px-md-2 h-px-2 v-inner-lg-2 v-inner-md-2 v-inner-2 style-475 style-local-2-c14 position-relative\">\n              <!---->\n              <!---->\n              <div class=\"w-100 h-y-container h-column__content h-column__v-align flex-basis-100 align-self-lg-start align-self-md-start align-self-start\">\n                <!---->\n                <div data-colibri-id=\"2-c15\" class=\"style-477 style-local-2-c15 position-relative h-element\">\n                  <!---->\n                <\/div>\n              <\/div>\n            <\/div>\n          <\/div>\n        <\/div>\n      <\/div>\n      <div data-colibri-id=\"2-c16\" class=\"h-row-container gutters-row-lg-0 gutters-row-md-0 gutters-row-0 gutters-row-v-lg-0 gutters-row-v-md-0 gutters-row-v-0 style-455 style-local-2-c16 position-relative\">\n        <!---->\n        <div class=\"h-row justify-content-lg-center justify-content-md-center justify-content-center align-items-lg-stretch align-items-md-stretch align-items-stretch gutters-col-lg-0 gutters-col-md-0 gutters-col-0 gutters-col-v-lg-0 gutters-col-v-md-0 gutters-col-v-0\">\n          <!---->\n          <div class=\"h-column h-column-container d-flex h-col-lg-auto h-col-md-auto h-col-auto style-456-outer style-local-2-c17-outer\">\n            <div data-colibri-id=\"2-c17\" class=\"d-flex h-flex-basis h-column__inner h-ui-empty-state-container h-px-lg-2 h-px-md-2 h-px-2 v-inner-lg-2 v-inner-md-2 v-inner-2 style-456 style-local-2-c17 position-relative\">\n              <!---->\n              <!---->\n              <div class=\"w-100 h-y-container h-column__content h-column__v-align flex-basis-100\">\n                <!---->\n              <\/div>\n            <\/div>\n          <\/div>\n          <div class=\"h-column h-column-container d-flex h-col-lg-auto h-col-md-auto h-col-auto style-470-outer style-local-2-c18-outer\">\n            <div data-colibri-id=\"2-c18\" class=\"d-flex h-flex-basis h-column__inner h-px-lg-2 h-px-md-2 h-px-2 v-inner-lg-2 v-inner-md-2 v-inner-2 style-470 style-local-2-c18 position-relative\">\n              <!---->\n              <!---->\n              <div class=\"w-100 h-y-container h-column__content h-column__v-align flex-basis-100 align-self-lg-start align-self-md-start align-self-start\">\n                <!---->\n                <div data-colibri-id=\"2-c19\" class=\"h-global-transition-all h-heading style-473 style-local-2-c19 position-relative h-element\">\n                  <!---->\n                  <div class=\"h-heading__outer style-473 style-local-2-c19\">\n                    <!---->\n                    <!---->\n                    <h2 class=\"\">Psyk-Basen g\u00f8r det nemt<\/h2>\n                  <\/div>\n                <\/div>\n                <div data-colibri-id=\"2-c20\" class=\"h-text h-text-component style-472 style-local-2-c20 position-relative h-element\">\n                  <!---->\n                  <!---->\n                  <div class=\"\">\n                    <p>Det er nemt at oprette en patient og koble p\u00e5r\u00f8rende og andre relationer p\u00e5.<\/p>\n                    <p>Det er nemt at sende sp\u00f8rgeskemaer ud og nemt for respondenterne at svare.<\/p>\n                    <p>Og det skal v\u00e6re nemt at f\u00e5 svaret ind og f\u00e5 overblik over patienternes trivsel og udvikling.<\/p>\n                  <\/div>\n                <\/div>\n              <\/div>\n            <\/div>\n          <\/div>\n          <div class=\"h-column h-column-container d-flex h-col-lg-auto h-col-md-auto h-col-auto style-471-outer style-local-2-c21-outer\">\n            <div data-colibri-id=\"2-c21\" class=\"d-flex h-flex-basis h-column__inner h-ui-empty-state-container h-px-lg-2 h-px-md-2 h-px-2 v-inner-lg-2 v-inner-md-2 v-inner-2 style-471 style-local-2-c21 position-relative\">\n              <!---->\n              <!---->\n              <div class=\"w-100 h-y-container h-column__content h-column__v-align flex-basis-100\">\n                <!---->\n              <\/div>\n            <\/div>\n          <\/div>\n        <\/div>\n      <\/div>\n      <div data-colibri-id=\"2-c3\" class=\"h-row-container gutters-row-lg-0 gutters-row-md-0 gutters-row-0 gutters-row-v-lg-0 gutters-row-v-md-0 gutters-row-v-0 style-465 style-local-2-c3 position-relative\">\n        <!---->\n        <div class=\"h-row justify-content-lg-center justify-content-md-center justify-content-center align-items-lg-stretch align-items-md-stretch align-items-stretch gutters-col-lg-0 gutters-col-md-0 gutters-col-0 gutters-col-v-lg-0 gutters-col-v-md-0 gutters-col-v-0\">\n          <!---->\n          <div class=\"h-column h-column-container d-flex h-col-lg-auto h-col-md-auto h-col-auto style-466-outer style-local-2-c4-outer\">\n            <div data-colibri-id=\"2-c4\" class=\"d-flex h-flex-basis h-column__inner h-px-lg-0 h-px-md-0 h-px-0 v-inner-lg-0 v-inner-md-0 v-inner-0 style-466 style-local-2-c4 position-relative\">\n              <!---->\n              <!---->\n              <div class=\"w-100 h-y-container h-column__content h-column__v-align flex-basis-100 align-self-lg-start align-self-md-start align-self-start\">\n                <!---->\n                <div data-colibri-id=\"2-c5\" class=\"style-467 style-local-2-c5 position-relative h-element\">\n                  <!---->\n                <\/div>\n              <\/div>\n            <\/div>\n          <\/div>\n          <div class=\"h-column h-column-container d-flex h-col-lg-auto h-col-md-auto h-col-auto style-468-outer style-local-2-c6-outer\">\n            <div data-colibri-id=\"2-c6\" class=\"d-flex h-flex-basis h-column__inner h-ui-empty-state-container h-px-lg-2 h-px-md-2 h-px-2 v-inner-lg-2 v-inner-md-2 v-inner-2 style-468 style-local-2-c6 position-relative\">\n              <!---->\n              <!---->\n              <div class=\"w-100 h-y-container h-column__content h-column__v-align flex-basis-100\">\n                <!---->\n              <\/div>\n            <\/div>\n          <\/div>\n        <\/div>\n      <\/div>\n      <div data-colibri-id=\"2-c7\" class=\"h-row-container gutters-row-lg-0 gutters-row-md-0 gutters-row-0 gutters-row-v-lg-0 gutters-row-v-md-0 gutters-row-v-0 style-351 style-local-2-c7 position-relative\">\n        <!---->\n        <div class=\"h-row justify-content-lg-center justify-content-md-center justify-content-center align-items-lg-stretch align-items-md-stretch align-items-stretch gutters-col-lg-0 gutters-col-md-0 gutters-col-0 gutters-col-v-lg-0 gutters-col-v-md-0 gutters-col-v-0\">\n          <!---->\n          <div class=\"h-column h-column-container d-flex h-col-lg-auto h-col-md-auto h-col-auto style-352-outer style-local-2-c8-outer\">\n            <div data-colibri-id=\"2-c8\" class=\"d-flex h-flex-basis h-column__inner h-ui-empty-state-container h-px-lg-0 h-px-md-0 h-px-0 v-inner-lg-0 v-inner-md-0 v-inner-0 style-352 style-local-2-c8 position-relative\">\n              <!---->\n              <!---->\n              <div class=\"w-100 h-y-container h-column__content h-column__v-align flex-basis-100\">\n                <!---->\n              <\/div>\n            <\/div>\n          <\/div>\n          <div class=\"h-column h-column-container d-flex h-col-lg-auto h-col-md-auto h-col-auto style-353-outer style-local-2-c9-outer\">\n            <div data-colibri-id=\"2-c9\" class=\"d-flex h-flex-basis h-column__inner h-px-lg-2 h-px-md-2 h-px-2 v-inner-lg-2 v-inner-md-2 v-inner-2 style-353 style-local-2-c9 position-relative\">\n              <!---->\n              <!---->\n              <div class=\"w-100 h-y-container h-column__content h-column__v-align flex-basis-100 align-self-lg-start align-self-md-start align-self-start\">\n                <!---->\n                <div data-colibri-id=\"2-c10\" class=\"h-global-transition-all h-heading style-354 style-local-2-c10 position-relative h-element\">\n                  <!---->\n                  <div class=\"h-heading__outer style-354 style-local-2-c10\">\n                    <!---->\n                    <!---->\n                    <h5 class=\"\">Opret patienter<\/h5>\n                  <\/div>\n                <\/div>\n                <div data-colibri-id=\"2-c11\" class=\"h-global-transition-all h-heading style-355 style-local-2-c11 position-relative h-element\">\n                  <!---->\n                  <div class=\"h-heading__outer style-355 style-local-2-c11\">\n                    <!---->\n                    <!---->\n                    <h2 class=\"\">N\u00e5r du er <em style=\"font-family: &quot;Playfair Display&quot;;\">oprettet<\/em>&nbsp;kan du nemt&nbsp;<em style=\"font-family: &quot;Playfair Display&quot;;\">tilf\u00f8je<\/em>&nbsp;dine patienter<\/h2>\n                  <\/div>\n                <\/div>\n                <div data-colibri-id=\"2-c12\" class=\"h-text h-text-component style-356 style-local-2-c12 position-relative h-element\">\n                  <!---->\n                  <!---->\n                  <div class=\"\">\n                    <p>Opret en patient og tilf\u00f8j relationer. Send skema til relationerne og se om de har svaret. Samtidig f\u00e5r du en opsummering p\u00e5 deres skema vist p\u00e5 overblik siden.<\/p>\n                  <\/div>\n                <\/div>\n              <\/div>\n            <\/div>\n          <\/div>\n        <\/div>\n      <\/div>\n    <\/div>\n  <\/div>\n  <div data-colibri-component=\"section\" data-colibri-id=\"2-c22\" id=\"about-3\" class=\"h-section h-section-global-spacing d-flex align-items-lg-center align-items-md-center align-items-center style-357 style-local-2-c22 position-relative\">\n    <!---->\n    <!---->\n    <div class=\"h-section-grid-container h-section-boxed-container\">\n      <!---->\n      <div data-colibri-id=\"2-c23\" class=\"h-row-container gutters-row-lg-0 gutters-row-md-0 gutters-row-0 gutters-row-v-lg-0 gutters-row-v-md-0 gutters-row-v-0 style-358 style-local-2-c23 position-relative\">\n        <!---->\n        <div class=\"h-row justify-content-lg-center justify-content-md-center justify-content-center align-items-lg-stretch align-items-md-stretch align-items-stretch gutters-col-lg-0 gutters-col-md-0 gutters-col-0 gutters-col-v-lg-0 gutters-col-v-md-0 gutters-col-v-0\">\n          <!---->\n          <div class=\"h-column h-column-container d-flex h-col-lg-auto h-col-md-auto h-col-auto style-359-outer style-local-2-c24-outer\">\n            <div data-colibri-id=\"2-c24\" class=\"d-flex h-flex-basis h-column__inner h-px-lg-0 h-px-md-0 h-px-0 v-inner-lg-0 v-inner-md-0 v-inner-0 style-359 style-local-2-c24 position-relative\">\n              <!---->\n              <!---->\n              <div class=\"w-100 h-y-container h-column__content h-column__v-align flex-basis-100 align-self-lg-start align-self-md-start align-self-start\">\n                <!---->\n                <div data-colibri-id=\"2-c25\" class=\"h-global-transition-all h-heading style-360 style-local-2-c25 position-relative h-element\">\n                  <!---->\n                  <div class=\"h-heading__outer style-360 style-local-2-c25\">\n                    <!---->\n                    <!---->\n                    <h5 class=\"\">P\u00e5r\u00f8rende<\/h5>\n                  <\/div>\n                <\/div>\n                <div data-colibri-id=\"2-c26\" class=\"h-global-transition-all h-heading style-361 style-local-2-c26 position-relative h-element\">\n                  <!---->\n                  <div class=\"h-heading__outer style-361 style-local-2-c26\">\n                    <!---->\n                    <!---->\n                    <h2 class=\"\">Knyt relationer til <em style=\"font-family: &quot;Playfair Display&quot;;\">patienten<\/em>&nbsp;og f\u00e5&nbsp;<em style=\"font-family: &quot;Playfair Display&quot;;\">overblik<\/em>&nbsp;over score og svar<\/h2>\n                  <\/div>\n                <\/div>\n                <div data-colibri-id=\"2-c27\" class=\"h-text h-text-component style-362 style-local-2-c27 position-relative h-element\">\n                  <!---->\n                  <!---->\n                  <div class=\"\">\n                    <p>P\u00e5 patient siden kan du straks se alle patientens relationer, hvordan de er i relation og hvad de har givet af score p\u00e5 de 3 opm\u00e6rksomhedspunkter.<\/p>\n                  <\/div>\n                <\/div>\n              <\/div>\n            <\/div>\n          <\/div>\n          <div class=\"h-column h-column-container d-flex h-col-lg-auto h-col-md-auto h-col-auto style-363-outer style-local-2-c28-outer\">\n            <div data-colibri-id=\"2-c28\" class=\"d-flex h-flex-basis h-column__inner h-ui-empty-state-container h-px-lg-2 h-px-md-2 h-px-2 v-inner-lg-2 v-inner-md-2 v-inner-2 style-363 style-local-2-c28 position-relative\">\n              <!---->\n              <!---->\n              <div class=\"w-100 h-y-container h-column__content h-column__v-align flex-basis-100\">\n                <!---->\n              <\/div>\n            <\/div>\n          <\/div>\n        <\/div>\n      <\/div>\n    <\/div>\n  <\/div>\n  <div data-colibri-component=\"section\" data-colibri-id=\"2-c29\" id=\"about-4\" class=\"h-section h-section-global-spacing d-flex align-items-lg-center align-items-md-center align-items-center style-364 style-local-2-c29 position-relative\">\n    <!---->\n    <!---->\n    <div class=\"h-section-grid-container h-section-boxed-container\">\n      <!---->\n      <div data-colibri-id=\"2-c30\" class=\"h-row-container gutters-row-lg-0 gutters-row-md-0 gutters-row-0 gutters-row-v-lg-0 gutters-row-v-md-0 gutters-row-v-0 style-365 style-local-2-c30 position-relative\">\n        <!---->\n        <div class=\"h-row justify-content-lg-center justify-content-md-center justify-content-center align-items-lg-stretch align-items-md-stretch align-items-stretch gutters-col-lg-0 gutters-col-md-0 gutters-col-0 gutters-col-v-lg-0 gutters-col-v-md-0 gutters-col-v-0\">\n          <!---->\n          <div class=\"h-column h-column-container d-flex h-col-lg-auto h-col-md-auto h-col-auto style-366-outer style-local-2-c31-outer\">\n            <div data-colibri-id=\"2-c31\" class=\"d-flex h-flex-basis h-column__inner h-ui-empty-state-container h-px-lg-0 h-px-md-0 h-px-0 v-inner-lg-0 v-inner-md-0 v-inner-0 style-366 style-local-2-c31 position-relative\">\n              <!---->\n              <!---->\n              <div class=\"w-100 h-y-container h-column__content h-column__v-align flex-basis-100\">\n                <!---->\n              <\/div>\n            <\/div>\n          <\/div>\n          <div class=\"h-column h-column-container d-flex h-col-lg-auto h-col-md-auto h-col-auto style-367-outer style-local-2-c32-outer\">\n            <div data-colibri-id=\"2-c32\" class=\"d-flex h-flex-basis h-column__inner h-px-lg-2 h-px-md-2 h-px-2 v-inner-lg-2 v-inner-md-2 v-inner-2 style-367 style-local-2-c32 position-relative\">\n              <!---->\n              <!---->\n              <div class=\"w-100 h-y-container h-column__content h-column__v-align flex-basis-100 align-self-lg-start align-self-md-start align-self-start\">\n                <!---->\n                <div data-colibri-id=\"2-c33\" class=\"h-global-transition-all h-heading style-368 style-local-2-c33 position-relative h-element\">\n                  <!---->\n                  <div class=\"h-heading__outer style-368 style-local-2-c33\">\n                    <!---->\n                    <!---->\n                    <h5 class=\"\">Se udviklingen<\/h5>\n                  <\/div>\n                <\/div>\n                <div data-colibri-id=\"2-c34\" class=\"h-global-transition-all h-heading style-369 style-local-2-c34 position-relative h-element\">\n                  <!---->\n                  <div class=\"h-heading__outer style-369 style-local-2-c34\">\n                    <!---->\n                    <!---->\n                    <h2 class=\"\">F\u00f8lg udviklingen p\u00e5 <em style=\"font-family: &quot;Playfair Display&quot;;\">opm\u00e6rksomhedpunkter&nbsp;<\/em>og p\u00e5 de enkelte&nbsp; <em style=\"font-family: &quot;Playfair Display&quot;;\">respondenter<\/em><\/h2>\n                  <\/div>\n                <\/div>\n                <div data-colibri-id=\"2-c35\" class=\"h-text h-text-component style-370 style-local-2-c35 position-relative h-element\">\n                  <!---->\n                  <!---->\n                  <div class=\"\">\n                    <p>Simple grafer viser hvordan udviklingen p\u00e5 patienten har v\u00e6ret p\u00e5 tv\u00e6rs af respondenter og p\u00e5 tv\u00e6rs af opm\u00e6rksomhedspunkter. Detmed er det nemt at se hvor udsvingene ligger.<\/p>\n                  <\/div>\n                <\/div>\n              <\/div>\n            <\/div>\n          <\/div>\n        <\/div>\n      <\/div>\n    <\/div>\n  <\/div>\n<\/div>","protected":false},"excerpt":{"rendered":"<p>Psyk-Basen g\u00f8r det nemt Det er nemt at oprette en patient og koble p\u00e5r\u00f8rende og andre relationer p\u00e5. Det er nemt at sende sp\u00f8rgeskemaer ud og nemt for respondenterne at svare. Og det skal v\u00e6re nemt at f\u00e5 svaret ind og f\u00e5 overblik over patienternes trivsel og udvikling. Opret patienter N\u00e5r du er oprettet&nbsp;kan du [&hellip;]<\/p>\n","protected":false},"author":1,"featured_media":0,"parent":0,"menu_order":0,"comment_status":"closed","ping_status":"open","template":"page-templates\/full-width-page.php","meta":{"footnotes":""},"class_list":["post-2","page","type-page","status-publish","hentry"],"yoast_head":"<!-- This site is optimized with the Yoast SEO plugin v27.4 - https:\/\/yoast.com\/product\/yoast-seo-wordpress\/ -->\n<title>Psyk-Basen g\u00f8r det nemt - Psyk-basen<\/title>\n<meta name=\"robots\" content=\"index, follow, max-snippet:-1, max-image-preview:large, max-video-preview:-1\" \/>\n<link rel=\"canonical\" href=\"https:\/\/www.psyk-basen.dk\/?page_id=2\" \/>\n<meta property=\"og:locale\" content=\"da_DK\" \/>\n<meta property=\"og:type\" content=\"article\" \/>\n<meta property=\"og:title\" content=\"Psyk-Basen g\u00f8r det nemt - Psyk-basen\" \/>\n<meta property=\"og:description\" content=\"Psyk-Basen g\u00f8r det nemt Det er nemt at oprette en patient og koble p\u00e5r\u00f8rende og andre relationer p\u00e5. Det er nemt at sende sp\u00f8rgeskemaer ud og nemt for respondenterne at svare. Og det skal v\u00e6re nemt at f\u00e5 svaret ind og f\u00e5 overblik over patienternes trivsel og udvikling. Opret patienter N\u00e5r du er oprettet&nbsp;kan du [&hellip;]\" \/>\n<meta property=\"og:url\" content=\"https:\/\/www.psyk-basen.dk\/?page_id=2\" \/>\n<meta property=\"og:site_name\" content=\"Psyk-basen\" \/>\n<meta property=\"article:publisher\" content=\"https:\/\/www.facebook.com\/Psykbasen\/\" \/>\n<meta property=\"article:modified_time\" content=\"2023-09-11T00:40:23+00:00\" \/>\n<meta name=\"twitter:card\" content=\"summary_large_image\" \/>\n<meta name=\"twitter:label1\" content=\"Estimeret l\u00e6setid\" \/>\n\t<meta name=\"twitter:data1\" content=\"1 minut\" \/>\n<script type=\"application\/ld+json\" class=\"yoast-schema-graph\">{\"@context\":\"https:\\\/\\\/schema.org\",\"@graph\":[{\"@type\":\"WebPage\",\"@id\":\"https:\\\/\\\/www.psyk-basen.dk\\\/?page_id=2\",\"url\":\"https:\\\/\\\/www.psyk-basen.dk\\\/?page_id=2\",\"name\":\"Psyk-Basen g\u00f8r det nemt - Psyk-basen\",\"isPartOf\":{\"@id\":\"https:\\\/\\\/www.psyk-basen.dk\\\/#website\"},\"datePublished\":\"2023-09-01T08:53:59+00:00\",\"dateModified\":\"2023-09-11T00:40:23+00:00\",\"breadcrumb\":{\"@id\":\"https:\\\/\\\/www.psyk-basen.dk\\\/?page_id=2#breadcrumb\"},\"inLanguage\":\"da-DK\",\"potentialAction\":[{\"@type\":\"ReadAction\",\"target\":[\"https:\\\/\\\/www.psyk-basen.dk\\\/?page_id=2\"]}]},{\"@type\":\"BreadcrumbList\",\"@id\":\"https:\\\/\\\/www.psyk-basen.dk\\\/?page_id=2#breadcrumb\",\"itemListElement\":[{\"@type\":\"ListItem\",\"position\":1,\"name\":\"Hjem\",\"item\":\"https:\\\/\\\/www.psyk-basen.dk\\\/\"},{\"@type\":\"ListItem\",\"position\":2,\"name\":\"Psyk-Basen g\u00f8r det nemt\"}]},{\"@type\":\"WebSite\",\"@id\":\"https:\\\/\\\/www.psyk-basen.dk\\\/#website\",\"url\":\"https:\\\/\\\/www.psyk-basen.dk\\\/\",\"name\":\"Psyk-basen\",\"description\":\"En digital platform til indsamling af ADHD-RS skemaer \",\"publisher\":{\"@id\":\"https:\\\/\\\/www.psyk-basen.dk\\\/#organization\"},\"potentialAction\":[{\"@type\":\"SearchAction\",\"target\":{\"@type\":\"EntryPoint\",\"urlTemplate\":\"https:\\\/\\\/www.psyk-basen.dk\\\/?s={search_term_string}\"},\"query-input\":{\"@type\":\"PropertyValueSpecification\",\"valueRequired\":true,\"valueName\":\"search_term_string\"}}],\"inLanguage\":\"da-DK\"},{\"@type\":\"Organization\",\"@id\":\"https:\\\/\\\/www.psyk-basen.dk\\\/#organization\",\"name\":\"Psyk-basen\",\"url\":\"https:\\\/\\\/www.psyk-basen.dk\\\/\",\"logo\":{\"@type\":\"ImageObject\",\"inLanguage\":\"da-DK\",\"@id\":\"https:\\\/\\\/www.psyk-basen.dk\\\/#\\\/schema\\\/logo\\\/image\\\/\",\"url\":\"https:\\\/\\\/www.psyk-basen.dk\\\/wp-content\\\/uploads\\\/2023\\\/09\\\/cropped-cropped-Wordpress.png\",\"contentUrl\":\"https:\\\/\\\/www.psyk-basen.dk\\\/wp-content\\\/uploads\\\/2023\\\/09\\\/cropped-cropped-Wordpress.png\",\"width\":512,\"height\":512,\"caption\":\"Psyk-basen\"},\"image\":{\"@id\":\"https:\\\/\\\/www.psyk-basen.dk\\\/#\\\/schema\\\/logo\\\/image\\\/\"},\"sameAs\":[\"https:\\\/\\\/www.facebook.com\\\/Psykbasen\\\/\"]}]}<\/script>\n<!-- \/ Yoast SEO plugin. -->","yoast_head_json":{"title":"Psyk-Basen g\u00f8r det nemt - Psyk-basen","robots":{"index":"index","follow":"follow","max-snippet":"max-snippet:-1","max-image-preview":"max-image-preview:large","max-video-preview":"max-video-preview:-1"},"canonical":"https:\/\/www.psyk-basen.dk\/?page_id=2","og_locale":"da_DK","og_type":"article","og_title":"Psyk-Basen g\u00f8r det nemt - Psyk-basen","og_description":"Psyk-Basen g\u00f8r det nemt Det er nemt at oprette en patient og koble p\u00e5r\u00f8rende og andre relationer p\u00e5. Det er nemt at sende sp\u00f8rgeskemaer ud og nemt for respondenterne at svare. Og det skal v\u00e6re nemt at f\u00e5 svaret ind og f\u00e5 overblik over patienternes trivsel og udvikling. Opret patienter N\u00e5r du er oprettet&nbsp;kan du [&hellip;]","og_url":"https:\/\/www.psyk-basen.dk\/?page_id=2","og_site_name":"Psyk-basen","article_publisher":"https:\/\/www.facebook.com\/Psykbasen\/","article_modified_time":"2023-09-11T00:40:23+00:00","twitter_card":"summary_large_image","twitter_misc":{"Estimeret l\u00e6setid":"1 minut"},"schema":{"@context":"https:\/\/schema.org","@graph":[{"@type":"WebPage","@id":"https:\/\/www.psyk-basen.dk\/?page_id=2","url":"https:\/\/www.psyk-basen.dk\/?page_id=2","name":"Psyk-Basen g\u00f8r det nemt - Psyk-basen","isPartOf":{"@id":"https:\/\/www.psyk-basen.dk\/#website"},"datePublished":"2023-09-01T08:53:59+00:00","dateModified":"2023-09-11T00:40:23+00:00","breadcrumb":{"@id":"https:\/\/www.psyk-basen.dk\/?page_id=2#breadcrumb"},"inLanguage":"da-DK","potentialAction":[{"@type":"ReadAction","target":["https:\/\/www.psyk-basen.dk\/?page_id=2"]}]},{"@type":"BreadcrumbList","@id":"https:\/\/www.psyk-basen.dk\/?page_id=2#breadcrumb","itemListElement":[{"@type":"ListItem","position":1,"name":"Hjem","item":"https:\/\/www.psyk-basen.dk\/"},{"@type":"ListItem","position":2,"name":"Psyk-Basen g\u00f8r det nemt"}]},{"@type":"WebSite","@id":"https:\/\/www.psyk-basen.dk\/#website","url":"https:\/\/www.psyk-basen.dk\/","name":"Psyk-basen","description":"En digital platform til indsamling af ADHD-RS skemaer ","publisher":{"@id":"https:\/\/www.psyk-basen.dk\/#organization"},"potentialAction":[{"@type":"SearchAction","target":{"@type":"EntryPoint","urlTemplate":"https:\/\/www.psyk-basen.dk\/?s={search_term_string}"},"query-input":{"@type":"PropertyValueSpecification","valueRequired":true,"valueName":"search_term_string"}}],"inLanguage":"da-DK"},{"@type":"Organization","@id":"https:\/\/www.psyk-basen.dk\/#organization","name":"Psyk-basen","url":"https:\/\/www.psyk-basen.dk\/","logo":{"@type":"ImageObject","inLanguage":"da-DK","@id":"https:\/\/www.psyk-basen.dk\/#\/schema\/logo\/image\/","url":"https:\/\/www.psyk-basen.dk\/wp-content\/uploads\/2023\/09\/cropped-cropped-Wordpress.png","contentUrl":"https:\/\/www.psyk-basen.dk\/wp-content\/uploads\/2023\/09\/cropped-cropped-Wordpress.png","width":512,"height":512,"caption":"Psyk-basen"},"image":{"@id":"https:\/\/www.psyk-basen.dk\/#\/schema\/logo\/image\/"},"sameAs":["https:\/\/www.facebook.com\/Psykbasen\/"]}]}},"_links":{"self":[{"href":"https:\/\/www.psyk-basen.dk\/index.php?rest_route=\/wp\/v2\/pages\/2","targetHints":{"allow":["GET"]}}],"collection":[{"href":"https:\/\/www.psyk-basen.dk\/index.php?rest_route=\/wp\/v2\/pages"}],"about":[{"href":"https:\/\/www.psyk-basen.dk\/index.php?rest_route=\/wp\/v2\/types\/page"}],"author":[{"embeddable":true,"href":"https:\/\/www.psyk-basen.dk\/index.php?rest_route=\/wp\/v2\/users\/1"}],"replies":[{"embeddable":true,"href":"https:\/\/www.psyk-basen.dk\/index.php?rest_route=%2Fwp%2Fv2%2Fcomments&post=2"}],"version-history":[{"count":21,"href":"https:\/\/www.psyk-basen.dk\/index.php?rest_route=\/wp\/v2\/pages\/2\/revisions"}],"predecessor-version":[{"id":836,"href":"https:\/\/www.psyk-basen.dk\/index.php?rest_route=\/wp\/v2\/pages\/2\/revisions\/836"}],"wp:attachment":[{"href":"https:\/\/www.psyk-basen.dk\/index.php?rest_route=%2Fwp%2Fv2%2Fmedia&parent=2"}],"curies":[{"name":"wp","href":"https:\/\/api.w.org\/{rel}","templated":true}]}}